{"id":7136,"date":"2022-06-21T11:56:59","date_gmt":"2022-06-21T11:56:59","guid":{"rendered":"https:\/\/www.kastielpravenec.sk\/?post_type=product&#038;p=7136"},"modified":"2022-06-24T11:55:18","modified_gmt":"2022-06-24T11:55:18","slug":"oslavy","status":"publish","type":"product","link":"https:\/\/www.kastielpravenec.sk\/index.php\/produkt\/oslavy\/","title":{"rendered":"OSLAVY"},"content":{"rendered":"<p>V\u00fdnimo\u010dn\u00e9 rodinn\u00e9 udalosti sa sp\u00e1jaj\u00fa s v\u00fdnimo\u010dn\u00fdmi oslavami. Ka\u0161tie\u013e Pravenec je pripraven\u00fd splni\u0165 aj tak\u00e9to o\u010dak\u00e1vania. Ur\u010dite bud\u00fa patri\u0165 k nezabudnute\u013en\u00fdm z\u00e1\u017eitkom, na ktor\u00e9 budete roky spom\u00edna\u0165, a nikdy nezapadn\u00fa prachom zabudnutia.<\/p>\n","protected":false},"excerpt":{"rendered":"<p>V\u00fdnimo\u010dn\u00e9 rodinn\u00e9 udalosti sa sp\u00e1jaj\u00fa s v\u00fdnimo\u010dn\u00fdmi oslavami. Ka\u0161tie\u013e Pravenec je pripraven\u00fd splni\u0165 aj tak\u00e9to o\u010dak\u00e1vania. Ur\u010dite bud\u00fa patri\u0165 k nezabudnute\u013en\u00fdm z\u00e1\u017eitkom, na ktor\u00e9 budete roky spom\u00edna\u0165, a nikdy nezapadn\u00fa prachom zabudnutia.<\/p>\n","protected":false},"featured_media":7139,"comment_status":"open","ping_status":"closed","template":"","meta":[],"product_cat":[72],"product_tag":[],"class_list":["post-7136","product","type-product","status-publish","has-post-thumbnail","hentry","product_cat-nezaradene"],"_links":{"self":[{"href":"https:\/\/www.kastielpravenec.sk\/index.php\/wp-json\/wp\/v2\/product\/7136","targetHints":{"allow":["GET"]}}],"collection":[{"href":"https:\/\/www.kastielpravenec.sk\/index.php\/wp-json\/wp\/v2\/product"}],"about":[{"href":"https:\/\/www.kastielpravenec.sk\/index.php\/wp-json\/wp\/v2\/types\/product"}],"replies":[{"embeddable":true,"href":"https:\/\/www.kastielpravenec.sk\/index.php\/wp-json\/wp\/v2\/comments?post=7136"}],"wp:featuredmedia":[{"embeddable":true,"href":"https:\/\/www.kastielpravenec.sk\/index.php\/wp-json\/wp\/v2\/media\/7139"}],"wp:attachment":[{"href":"https:\/\/www.kastielpravenec.sk\/index.php\/wp-json\/wp\/v2\/media?parent=7136"}],"wp:term":[{"taxonomy":"product_cat","embeddable":true,"href":"https:\/\/www.kastielpravenec.sk\/index.php\/wp-json\/wp\/v2\/product_cat?post=7136"},{"taxonomy":"product_tag","embeddable":true,"href":"https:\/\/www.kastielpravenec.sk\/index.php\/wp-json\/wp\/v2\/product_tag?post=7136"}],"curies":[{"name":"wp","href":"https:\/\/api.w.org\/{rel}","templated":true}]}}